{"id":3831,"date":"2023-08-14T13:34:20","date_gmt":"2023-08-14T11:34:20","guid":{"rendered":"http:\/\/www.disnamair.com\/?page_id=3831"},"modified":"2023-08-14T13:34:22","modified_gmt":"2023-08-14T11:34:22","slug":"contacto","status":"publish","type":"page","link":"https:\/\/www.disnamair.com\/fr\/contacto\/","title":{"rendered":"Contacto"},"content":{"rendered":"\n<p><\/p>\n\n\n\n<style type=\"text\/css\" data-created_by=\"avia_inline_auto\" id=\"style-css-av-133qnyv-ac5c207cb71917175a3be87ff706cead\">\n.avia-section.av-133qnyv-ac5c207cb71917175a3be87ff706cead{\nbackground-color:#000000;\n}\n<\/style>\n<div id='av_section_1'  class='avia-section av-133qnyv-ac5c207cb71917175a3be87ff706cead main_color avia-section-small avia-no-shadow  avia-builder-el-0  el_before_av_textblock  avia-builder-el-first  avia-bg-style-scroll container_wrap sidebar_right'  ><div class='container av-section-cont-open' ><main  role=\"main\" itemprop=\"mainContentOfPage\"  class='template-page content  av-content-small alpha units'><div class='post-entry post-entry-type-page post-entry-3831'><div class='entry-content-wrapper clearfix'>\n\n<style type=\"text\/css\" data-created_by=\"avia_inline_auto\" id=\"style-css-av-11nkg87-d0e2ca297dc579706051fdd7be2e3bb9\">\n.avia-image-container.av-11nkg87-d0e2ca297dc579706051fdd7be2e3bb9 .av-image-caption-overlay-center{\ncolor:#ffffff;\n}\n<\/style>\n<div  class='avia-image-container av-11nkg87-d0e2ca297dc579706051fdd7be2e3bb9 av-styling- avia-align-center  avia-builder-el-1  avia-builder-el-no-sibling '  itemprop=\"image\" itemscope=\"itemscope\" itemtype=\"https:\/\/schema.org\/ImageObject\" ><div class=\"avia-image-container-inner\"><div class=\"avia-image-overlay-wrap\"><img decoding=\"async\" class='wp-image-3592 avia-img-lazy-loading-not-3592 avia_image' src=\"https:\/\/i0.wp.com\/www.disnamair.com\/wp-content\/uploads\/2017\/05\/image005.jpg?fit=1306%2C124&ssl=1\" alt='' title='image005'  height=\"124\" width=\"1306\"  itemprop=\"thumbnailUrl\" srcset=\"https:\/\/i0.wp.com\/www.disnamair.com\/wp-content\/uploads\/2017\/05\/image005.jpg?w=1306&amp;ssl=1 1306w, https:\/\/i0.wp.com\/www.disnamair.com\/wp-content\/uploads\/2017\/05\/image005.jpg?resize=300%2C28&amp;ssl=1 300w, https:\/\/i0.wp.com\/www.disnamair.com\/wp-content\/uploads\/2017\/05\/image005.jpg?resize=768%2C73&amp;ssl=1 768w, https:\/\/i0.wp.com\/www.disnamair.com\/wp-content\/uploads\/2017\/05\/image005.jpg?resize=1030%2C98&amp;ssl=1 1030w, https:\/\/i0.wp.com\/www.disnamair.com\/wp-content\/uploads\/2017\/05\/image005.jpg?resize=705%2C67&amp;ssl=1 705w, https:\/\/i0.wp.com\/www.disnamair.com\/wp-content\/uploads\/2017\/05\/image005.jpg?resize=450%2C43&amp;ssl=1 450w\" sizes=\"(max-width: 1306px) 100vw, 1306px\" \/><\/div><\/div><\/div>\n<\/div><\/div><\/main><!-- close content main element --><\/div><\/div><div id='after_section_1'  class='main_color av_default_container_wrap container_wrap sidebar_right'  ><div class='container av-section-cont-open' ><div class='template-page content  av-content-small alpha units'><div class='post-entry post-entry-type-page post-entry-3831'><div class='entry-content-wrapper clearfix'>\n<section  class='av_textblock_section av-zajr1j-462340f866dea5ec28be1f9a2b35640f'  itemscope=\"itemscope\" itemtype=\"https:\/\/schema.org\/CreativeWork\" ><div class='avia_textblock'  itemprop=\"text\" ><h2 style=\"text-align: center;\">Contacta con nosotros<\/h2>\n<\/div><\/section>\n<div  class='hr av-yl86on-96773ee11b65567745737bdf778c35b8 hr-short  avia-builder-el-3  el_after_av_textblock  el_before_av_textblock  hr-center'><span class='hr-inner '><span class=\"hr-inner-style\"><\/span><\/span><\/div>\n<section  class='av_textblock_section av-wv3tfb-f910a5fd80ae963a58d65cfbff4eea01'  itemscope=\"itemscope\" itemtype=\"https:\/\/schema.org\/CreativeWork\" ><div class='avia_textblock'  itemprop=\"text\" ><h4 style=\"text-align: left;\">Env\u00edanos un mensaje<\/h4>\n<\/div><\/section>\n\n<style type=\"text\/css\" data-created_by=\"avia_inline_auto\" id=\"style-css-av-32rs1z-42a7887074ecea91d9a48be4ee8c010e\">\n.flex_column.av-32rs1z-42a7887074ecea91d9a48be4ee8c010e{\nborder-radius:0px 0px 0px 0px;\n-webkit-border-radius:0px 0px 0px 0px;\n-moz-border-radius:0px 0px 0px 0px;\n}\n<\/style>\n<div class='flex_column av-32rs1z-42a7887074ecea91d9a48be4ee8c010e av_one_half  avia-builder-el-5  el_after_av_textblock  el_before_av_one_fourth  first flex_column_div av-zero-column-padding column-top-margin'   ><form action=\"https:\/\/www.disnamair.com\/fr\/contacto\/\" method=\"post\"  class=\"avia_ajax_form av-form-labels-visible   avia-builder-el-6  avia-builder-el-no-sibling   \" data-avia-form-id=\"1\" data-avia-redirect='' ><fieldset><p class='  first_form  form_element form_element_half' id='element_avia_1_1'><label for=\"avia_1_1\">Nombre <abbr class=\"required\" title=\"requis(e)\">*<\/abbr><\/label> <input name=\"avia_1_1\" class=\"text_input is_empty\" type=\"text\" id=\"avia_1_1\" value=\"\" \/><\/p><p class='  form_element form_element_half' id='element_avia_2_1'><label for=\"avia_2_1\">Correo electr\u00f3nico <abbr class=\"required\" title=\"requis(e)\">*<\/abbr><\/label> <input name=\"avia_2_1\" class=\"text_input is_email\" type=\"text\" id=\"avia_2_1\" value=\"\" \/><\/p><p class='  first_form  form_element form_fullwidth' id='element_avia_3_1'><label for=\"avia_3_1\">Asunto <abbr class=\"required\" title=\"requis(e)\">*<\/abbr><\/label> <input name=\"avia_3_1\" class=\"text_input is_empty\" type=\"text\" id=\"avia_3_1\" value=\"\" \/><\/p><p class='  first_form  form_element form_fullwidth' id='element_avia_4_1'><label for=\"avia_4_1\" class=\"textare_label hidden textare_label_avia_4_1\">Mensaje <abbr class=\"required\" title=\"requis(e)\">*<\/abbr><\/label><textarea  name=\"avia_4_1\" class=\"text_area is_empty\" cols=\"40\" rows=\"7\" id=\"avia_4_1\" ><\/textarea><\/p><p class=\"hidden\"><input type=\"text\" name=\"avia_5_1\" class=\"hidden \" id=\"avia_5_1\" value=\"\" \/><\/p><p class='   form_element form_fullwidth' id='element_avia_6_1'><span class='value_verifier_label'>1 + 0 = ?<\/span><input name=\"avia_6_1_verifier\" type=\"hidden\" id=\"avia_6_1_verifier\" value=\"888817417\"\/><label for=\"avia_6_1\">Merci de prouver que vous \u00eates un humain en donnant le r\u00e9sultat de cette op\u00e9ration <abbr class=\"required\" title=\"requis(e)\">*<\/abbr><\/label><input name=\"avia_6_1\" class=\"text_input captcha\" type=\"text\" id=\"avia_6_1\" value=\"\"\/><\/p><p class=\"form_element \"><input type=\"hidden\" value=\"1\" name=\"avia_generated_form1\" \/><input type=\"submit\" value=\"Enviar\" class=\"button\"  data-sending-label=\"Envoi\"\/><\/p><\/fieldset><\/form><div id=\"ajaxresponse_1\" class=\"ajaxresponse ajaxresponse_1 hidden\"><\/div><\/div>\n\n<style type=\"text\/css\" data-created_by=\"avia_inline_auto\" id=\"style-css-av-kr1q93-ddb3b67c161cc90006187dc3ad1284e7\">\n.flex_column.av-kr1q93-ddb3b67c161cc90006187dc3ad1284e7{\nborder-radius:0px 0px 0px 0px;\n-webkit-border-radius:0px 0px 0px 0px;\n-moz-border-radius:0px 0px 0px 0px;\n}\n<\/style>\n<div class='flex_column av-kr1q93-ddb3b67c161cc90006187dc3ad1284e7 av_one_fourth  avia-builder-el-7  el_after_av_one_half  el_before_av_one_fourth  flex_column_div av-zero-column-padding column-top-margin'   ><section  class='av_textblock_section av-iddgav-1f53acedf0eaa056a57e327b4bc7f96a'  itemscope=\"itemscope\" itemtype=\"https:\/\/schema.org\/CreativeWork\" ><div class='avia_textblock'  itemprop=\"text\" ><h3>Oficinas centrales<\/h3>\n<p>91 361 10 51<br \/>\n<a href=\"email:info@disnamair.com\">info@disnamair.com<\/a><\/p>\n<\/div><\/section><br \/>\n<div  class='hr av-gx5qjr-5991d3af94e3ed5bc0e4962ea87bd37a hr-short  avia-builder-el-9  el_after_av_textblock  el_before_av_textblock  hr-left'><span class='hr-inner '><span class=\"hr-inner-style\"><\/span><\/span><\/div><br \/>\n<section  class='av_textblock_section av-fziqvb-262d3be02857a46fbf2e028ca095ddde'  itemscope=\"itemscope\" itemtype=\"https:\/\/schema.org\/CreativeWork\" ><div class='avia_textblock'  itemprop=\"text\" ><h3>Repuestos y pedidos<\/h3>\n<p>91 361 10 51<br \/>\n<a href=\"email:info@disnamair.com\">info@disnamair.com<\/a><\/p>\n<\/div><\/section><br \/>\n<div  class='hr av-esmw5z-3cc9e00c342b038000cf3ad2f37eb8a6 hr-short  avia-builder-el-11  el_after_av_textblock  el_before_av_textblock  hr-left'><span class='hr-inner '><span class=\"hr-inner-style\"><\/span><\/span><\/div><br \/>\n<section  class='av_textblock_section av-cqo7on-790bc518f4747d91dfd273a9fb3f9ebf'  itemscope=\"itemscope\" itemtype=\"https:\/\/schema.org\/CreativeWork\" ><div class='avia_textblock'  itemprop=\"text\" ><h3>Taller \/ SAT<\/h3>\n<p>91 361 00 69<br \/>\n<a href=\"email:serviciotecnico@disnamair.com\">serviciotecnico@disnamair.com<\/a><\/p>\n<\/div><\/section><br \/>\n<div  class='hr av-b2qxnb-5f37c266e59b3f796042a360e31a7abe hr-short  avia-builder-el-13  el_after_av_textblock  el_before_av_textblock  hr-left'><span class='hr-inner '><span class=\"hr-inner-style\"><\/span><\/span><\/div><br \/>\n<section  class='av_textblock_section av-98xofr-b703c4725e45b78924526b0467a4e124'  itemscope=\"itemscope\" itemtype=\"https:\/\/schema.org\/CreativeWork\" ><div class='avia_textblock'  itemprop=\"text\" ><h3>Ingenier\u00eda y proyectos<\/h3>\n<p>672 392 668<br \/>\n<a href=\"email:andues@disnamair.com\">andues@disnamair.com<\/a><\/p>\n<\/div><\/section><\/p><\/div>\n\n<style type=\"text\/css\" data-created_by=\"avia_inline_auto\" id=\"style-css-av-7noumf-5a3faf4ad0a020b08e869fd398aae09d\">\n.flex_column.av-7noumf-5a3faf4ad0a020b08e869fd398aae09d{\nborder-radius:0px 0px 0px 0px;\n-webkit-border-radius:0px 0px 0px 0px;\n-moz-border-radius:0px 0px 0px 0px;\n}\n<\/style>\n<div class='flex_column av-7noumf-5a3faf4ad0a020b08e869fd398aae09d av_one_fourth  avia-builder-el-15  el_after_av_one_fourth  el_before_av_google_map  avia-builder-el-last  flex_column_div av-zero-column-padding column-top-margin'   ><section  class='av_textblock_section av-61f5nb-4c9acead81ad9d172967f6867fbf926f'  itemscope=\"itemscope\" itemtype=\"https:\/\/schema.org\/CreativeWork\" ><div class='avia_textblock'  itemprop=\"text\" ><h3>Asesoramiento T\u00e9cnico Comercial<\/h3>\n<h6>\u2022 Zona Central, Extremadura, Arag\u00f3n<\/h6>\n<p>677 45 68 18\u00a0\u00b7\u00a091 724 05 13<\/p>\n<p><a href=\"mailto:alberto@disnamair.com\">alberto@disnamair.com<\/a><\/p>\n<hr \/>\n<h6>\u2022 Islas Baleares, Canarias y Levante<\/h6>\n<p>620 83 03 83 \u00b7\u00a091 724 05 12<\/p>\n<p><a href=\"mailto:carlosvela@disnamair.com\">carlosvela@disnamair.com<\/a><\/p>\n<hr \/>\n<h6>\u2022 Catalu\u00f1a<\/h6>\n<p>608 77 31 58<\/p>\n<p><a href=\"mailto:ramon@disnamair.com\">ramon@disnamair.com<\/a><\/p>\n<hr \/>\n<h6>\u2022 Zona Norte<\/h6>\n<p>607 62 59 87<\/p>\n<p><a href=\"mailto:info@disnamair.com\">info@disnamair.com<\/a><\/p>\n<hr \/>\n<h6>\u2022 Delegaci\u00f3n Andaluc\u00eda<\/h6>\n<p>94 232 54 60\u00a0\u00b7 609 53 79 66<\/p>\n<hr \/>\n<h6>\u2022 Delegaci\u00f3n Bilbao<\/h6>\n<p>94 421 90 74 \u00b7\u00a0635 38 75 35<\/p>\n<p><a href=\"mailto:kanalex@disnamair.com\">kanalex@disnamair.com<\/a><\/p>\n<hr \/>\n<h6>\u2022 Portugal<\/h6>\n<p>620 84 83 00<\/p>\n<p><a href=\"mailto:roberto@disnamair.com\">roberto@disnamair.com<\/a><\/p>\n<\/div><\/section><\/div>\n<div  class='av_gmaps_sc_main_wrap av_gmaps_main_wrap '><div id='av_gmap_0' class='avia-google-map-container avia-google-map-sc av_gmaps_show_unconditionally av-no-fallback-img ' data-mapid='av_gmap_0'  style='height: 400px;'><a class=\"av_gmaps_browser_disabled av_text_confirm_link av_text_confirm_link_visible\" href=\"https:\/\/www.google.com\/maps\/search\/?api=1&#038;query=Vereda%20del%20Alquit\u00f3n%201%20%2028500%20Arganda%20del%20Rey%20%20Espa\u00f1a\" target=\"_blank\" rel=\"noopener\">Les cartes ont \u00e9t\u00e9 d\u00e9sactiv\u00e9es par le visiteur sur ce site. Cliquer pour ouvrir la carte dans une nouvelle fen\u00eatre.<\/a><\/div><\/div>\n","protected":false},"excerpt":{"rendered":"","protected":false},"author":1,"featured_media":0,"parent":0,"menu_order":0,"comment_status":"open","ping_status":"open","template":"","meta":{"footnotes":""},"class_list":["post-3831","page","type-page","status-publish","hentry"],"translation":{"provider":"WPGlobus","version":"3.0.0","language":"fr","enabled_languages":["es","en","pt","de","fr"],"languages":{"es":{"title":true,"content":true,"excerpt":false},"en":{"title":false,"content":false,"excerpt":false},"pt":{"title":false,"content":false,"excerpt":false},"de":{"title":false,"content":false,"excerpt":false},"fr":{"title":false,"content":false,"excerpt":false}}},"yoast_head":"<!-- This site is optimized with the Yoast SEO plugin v24.9 - https:\/\/yoast.com\/wordpress\/plugins\/seo\/ -->\n<title>Contacto - Disnamair<\/title>\n<meta name=\"robots\" content=\"index, follow, max-snippet:-1, max-image-preview:large, max-video-preview:-1\" \/>\n<link rel=\"canonical\" href=\"https:\/\/www.disnamair.com\/contacto\/\" \/>\n<meta property=\"og:locale\" content=\"fr_FR\" \/>\n<meta property=\"og:type\" content=\"article\" \/>\n<meta property=\"og:title\" content=\"Contacto - Disnamair\" \/>\n<meta property=\"og:url\" content=\"https:\/\/www.disnamair.com\/contacto\/\" \/>\n<meta property=\"og:site_name\" content=\"Disnamair\" \/>\n<meta property=\"article:publisher\" content=\"https:\/\/www.facebook.com\/DisnamairSA\/\" \/>\n<meta property=\"article:modified_time\" content=\"2023-08-14T11:34:22+00:00\" \/>\n<meta name=\"twitter:card\" content=\"summary_large_image\" \/>\n<meta name=\"twitter:label1\" content=\"Dur\u00e9e de lecture estim\u00e9e\" \/>\n\t<meta name=\"twitter:data1\" content=\"5 minutes\" \/>\n<script type=\"application\/ld+json\" class=\"yoast-schema-graph\">{\"@context\":\"https:\/\/schema.org\",\"@graph\":[{\"@type\":\"WebPage\",\"@id\":\"https:\/\/www.disnamair.com\/contacto\/\",\"url\":\"https:\/\/www.disnamair.com\/contacto\/\",\"name\":\"Contacto - Disnamair\",\"isPartOf\":{\"@id\":\"https:\/\/www.disnamair.com\/#website\"},\"datePublished\":\"2023-08-14T11:34:20+00:00\",\"dateModified\":\"2023-08-14T11:34:22+00:00\",\"description\":\"airlessco\",\"breadcrumb\":{\"@id\":\"https:\/\/www.disnamair.com\/contacto\/#breadcrumb\"},\"inLanguage\":\"fr-FR\",\"potentialAction\":[{\"@type\":\"ReadAction\",\"target\":[\"https:\/\/www.disnamair.com\/contacto\/\"]}]},{\"@type\":\"BreadcrumbList\",\"@id\":\"https:\/\/www.disnamair.com\/contacto\/#breadcrumb\",\"itemListElement\":[{\"@type\":\"ListItem\",\"position\":1,\"name\":\"Portada\",\"item\":\"https:\/\/www.disnamair.com\/\"},{\"@type\":\"ListItem\",\"position\":2,\"name\":\"Contacto\"}]},{\"@type\":\"WebSite\",\"@id\":\"https:\/\/www.disnamair.com\/#website\",\"url\":\"https:\/\/www.disnamair.com\/\",\"name\":\"Disnamair\",\"description\":\"P\u00e1gina corporativa\",\"publisher\":{\"@id\":\"https:\/\/www.disnamair.com\/#organization\"},\"potentialAction\":[{\"@type\":\"SearchAction\",\"target\":{\"@type\":\"EntryPoint\",\"urlTemplate\":\"https:\/\/www.disnamair.com\/?s={search_term_string}\"},\"query-input\":{\"@type\":\"PropertyValueSpecification\",\"valueRequired\":true,\"valueName\":\"search_term_string\"}}],\"inLanguage\":\"fr-FR\"},{\"@type\":\"Organization\",\"@id\":\"https:\/\/www.disnamair.com\/#organization\",\"name\":\"DISNAMAIR S.A.\",\"url\":\"https:\/\/www.disnamair.com\/\",\"logo\":{\"@type\":\"ImageObject\",\"inLanguage\":\"fr-FR\",\"@id\":\"https:\/\/www.disnamair.com\/#\/schema\/logo\/image\/\",\"url\":\"https:\/\/www.disnamair.com\/wp-content\/uploads\/2020\/12\/Disnamair.png\",\"contentUrl\":\"https:\/\/www.disnamair.com\/wp-content\/uploads\/2020\/12\/Disnamair.png\",\"width\":3504,\"height\":1354,\"caption\":\"DISNAMAIR S.A.\"},\"image\":{\"@id\":\"https:\/\/www.disnamair.com\/#\/schema\/logo\/image\/\"},\"sameAs\":[\"https:\/\/www.facebook.com\/DisnamairSA\/\",\"https:\/\/www.instagram.com\/disnamair_sa\/\",\"https:\/\/www.youtube.com\/channel\/UC4zCASl4kX200fSyjzppIyA\"]}]}<\/script>\n<!-- \/ Yoast SEO plugin. -->","yoast_head_json":{"title":"Contacto - Disnamair","robots":{"index":"index","follow":"follow","max-snippet":"max-snippet:-1","max-image-preview":"max-image-preview:large","max-video-preview":"max-video-preview:-1"},"canonical":"https:\/\/www.disnamair.com\/contacto\/","og_locale":"fr_FR","og_type":"article","og_title":"Contacto - Disnamair","og_url":"https:\/\/www.disnamair.com\/contacto\/","og_site_name":"Disnamair","article_publisher":"https:\/\/www.facebook.com\/DisnamairSA\/","article_modified_time":"2023-08-14T11:34:22+00:00","twitter_card":"summary_large_image","twitter_misc":{"Dur\u00e9e de lecture estim\u00e9e":"5 minutes"},"schema":{"@context":"https:\/\/schema.org","@graph":[{"@type":"WebPage","@id":"https:\/\/www.disnamair.com\/contacto\/","url":"https:\/\/www.disnamair.com\/contacto\/","name":"Contacto - Disnamair","isPartOf":{"@id":"https:\/\/www.disnamair.com\/#website"},"datePublished":"2023-08-14T11:34:20+00:00","dateModified":"2023-08-14T11:34:22+00:00","description":"airlessco","breadcrumb":{"@id":"https:\/\/www.disnamair.com\/contacto\/#breadcrumb"},"inLanguage":"fr-FR","potentialAction":[{"@type":"ReadAction","target":["https:\/\/www.disnamair.com\/contacto\/"]}]},{"@type":"BreadcrumbList","@id":"https:\/\/www.disnamair.com\/contacto\/#breadcrumb","itemListElement":[{"@type":"ListItem","position":1,"name":"Portada","item":"https:\/\/www.disnamair.com\/"},{"@type":"ListItem","position":2,"name":"Contacto"}]},{"@type":"WebSite","@id":"https:\/\/www.disnamair.com\/#website","url":"https:\/\/www.disnamair.com\/","name":"Disnamair","description":"P\u00e1gina corporativa","publisher":{"@id":"https:\/\/www.disnamair.com\/#organization"},"potentialAction":[{"@type":"SearchAction","target":{"@type":"EntryPoint","urlTemplate":"https:\/\/www.disnamair.com\/?s={search_term_string}"},"query-input":{"@type":"PropertyValueSpecification","valueRequired":true,"valueName":"search_term_string"}}],"inLanguage":"fr-FR"},{"@type":"Organization","@id":"https:\/\/www.disnamair.com\/#organization","name":"DISNAMAIR S.A.","url":"https:\/\/www.disnamair.com\/","logo":{"@type":"ImageObject","inLanguage":"fr-FR","@id":"https:\/\/www.disnamair.com\/#\/schema\/logo\/image\/","url":"https:\/\/www.disnamair.com\/wp-content\/uploads\/2020\/12\/Disnamair.png","contentUrl":"https:\/\/www.disnamair.com\/wp-content\/uploads\/2020\/12\/Disnamair.png","width":3504,"height":1354,"caption":"DISNAMAIR S.A."},"image":{"@id":"https:\/\/www.disnamair.com\/#\/schema\/logo\/image\/"},"sameAs":["https:\/\/www.facebook.com\/DisnamairSA\/","https:\/\/www.instagram.com\/disnamair_sa\/","https:\/\/www.youtube.com\/channel\/UC4zCASl4kX200fSyjzppIyA"]}]}},"jetpack_sharing_enabled":true,"_links":{"self":[{"href":"https:\/\/www.disnamair.com\/fr\/wp-json\/wp\/v2\/pages\/3831","targetHints":{"allow":["GET"]}}],"collection":[{"href":"https:\/\/www.disnamair.com\/fr\/wp-json\/wp\/v2\/pages"}],"about":[{"href":"https:\/\/www.disnamair.com\/fr\/wp-json\/wp\/v2\/types\/page"}],"author":[{"embeddable":true,"href":"https:\/\/www.disnamair.com\/fr\/wp-json\/wp\/v2\/users\/1"}],"replies":[{"embeddable":true,"href":"https:\/\/www.disnamair.com\/fr\/wp-json\/wp\/v2\/comments?post=3831"}],"version-history":[{"count":31,"href":"https:\/\/www.disnamair.com\/fr\/wp-json\/wp\/v2\/pages\/3831\/revisions"}],"predecessor-version":[{"id":6382,"href":"https:\/\/www.disnamair.com\/fr\/wp-json\/wp\/v2\/pages\/3831\/revisions\/6382"}],"wp:attachment":[{"href":"https:\/\/www.disnamair.com\/fr\/wp-json\/wp\/v2\/media?parent=3831"}],"curies":[{"name":"wp","href":"https:\/\/api.w.org\/{rel}","templated":true}]}}